{"id":10334,"date":"2026-01-22T09:47:15","date_gmt":"2026-01-22T09:47:15","guid":{"rendered":"https:\/\/movin.it\/privacy-policy-2\/"},"modified":"2026-01-22T09:47:15","modified_gmt":"2026-01-22T09:47:15","slug":"privacy-policy-2","status":"publish","type":"page","link":"https:\/\/movin.it\/en\/privacy-policy-2\/","title":{"rendered":"Privacy Policy"},"content":{"rendered":"\t\t<div data-elementor-type=\"wp-page\" data-elementor-id=\"10334\" class=\"elementor elementor-10334 elementor-10062\" data-elementor-post-type=\"page\">\n\t\t\t\t\t\t<section class=\"elementor-section elementor-top-section elementor-element elementor-element-4ff9049 elementor-section-full_width scheme_dark elementor-section-height-default elementor-section-height-default sc_gradient_animation_none sc_fly_static\" data-id=\"4ff9049\" data-element_type=\"section\" data-e-type=\"section\" data-settings=\"{&quot;background_background&quot;:&quot;gradient&quot;}\">\n\t\t\t\t\t\t\t<div class=\"elementor-background-overlay\"><\/div>\n\t\t\t\t\t\t\t<div class=\"elementor-container elementor-column-gap-extended\">\n\t\t\t\t\t<div class=\"elementor-column elementor-col-100 elementor-top-column elementor-element elementor-element-b0a4c16 sc_content_align_inherit sc_layouts_column_icons_position_left sc_fly_static\" data-id=\"b0a4c16\" data-element_type=\"column\" data-e-type=\"column\">\n\t\t\t<div class=\"elementor-widget-wrap elementor-element-populated\">\n\t\t\t\t\t\t<div class=\"elementor-element elementor-element-b9c42c8 sc_fly_static elementor-widget elementor-widget-spacer\" data-id=\"b9c42c8\" data-element_type=\"widget\" data-e-type=\"widget\" data-widget_type=\"spacer.default\">\n\t\t\t\t<div class=\"elementor-widget-container\">\n\t\t\t\t\t\t\t<div class=\"elementor-spacer\">\n\t\t\t<div class=\"elementor-spacer-inner\"><\/div>\n\t\t<\/div>\n\t\t\t\t\t\t<\/div>\n\t\t\t\t<\/div>\n\t\t\t\t<div class=\"elementor-element elementor-element-a67c9d5 elementor-widget__width-initial elementor-absolute sc_fly_static elementor-widget elementor-widget-image\" data-id=\"a67c9d5\" data-element_type=\"widget\" data-e-type=\"widget\" data-settings=\"{&quot;_position&quot;:&quot;absolute&quot;}\" data-widget_type=\"image.default\">\n\t\t\t\t<div class=\"elementor-widget-container\">\n\t\t\t\t\t\t\t\t\t\t\t\t\t\t\t<img fetchpriority=\"high\" decoding=\"async\" width=\"1500\" height=\"900\" src=\"https:\/\/movin.it\/wp-content\/uploads\/2023\/02\/exslider-stain-big.png\" class=\"attachment-full size-full wp-image-10340\" alt=\"exslider stain big\" srcset=\"https:\/\/movin.it\/wp-content\/uploads\/2023\/02\/exslider-stain-big.png 1500w, https:\/\/movin.it\/wp-content\/uploads\/2023\/02\/exslider-stain-big-300x180.png 300w, https:\/\/movin.it\/wp-content\/uploads\/2023\/02\/exslider-stain-big-1024x614.png 1024w, https:\/\/movin.it\/wp-content\/uploads\/2023\/02\/exslider-stain-big-768x461.png 768w, https:\/\/movin.it\/wp-content\/uploads\/2023\/02\/exslider-stain-big-370x222.png 370w, https:\/\/movin.it\/wp-content\/uploads\/2023\/02\/exslider-stain-big-840x504.png 840w, https:\/\/movin.it\/wp-content\/uploads\/2023\/02\/exslider-stain-big-410x246.png 410w, https:\/\/movin.it\/wp-content\/uploads\/2023\/02\/exslider-stain-big-600x360.png 600w\" sizes=\"(max-width: 1500px) 100vw, 1500px\" \/>\t\t\t\t\t\t\t\t\t\t\t\t\t\t\t<\/div>\n\t\t\t\t<\/div>\n\t\t\t\t<section class=\"elementor-section elementor-inner-section elementor-element elementor-element-b3dada4 elementor-section-full_width elementor-section-height-default elementor-section-height-default sc_fly_static\" data-id=\"b3dada4\" data-element_type=\"section\" data-e-type=\"section\">\n\t\t\t\t\t\t<div class=\"elementor-container elementor-column-gap-extended\">\n\t\t\t\t\t<div class=\"elementor-column elementor-col-100 elementor-inner-column elementor-element elementor-element-b209264 sc_content_align_inherit sc_layouts_column_icons_position_left sc_fly_static\" data-id=\"b209264\" data-element_type=\"column\" data-e-type=\"column\">\n\t\t\t<div class=\"elementor-widget-wrap elementor-element-populated\">\n\t\t\t\t\t\t<div class=\"elementor-element elementor-element-da82f1d sc_height_huge sc_layouts_hide_on_mobile sc_fly_static elementor-widget elementor-widget-spacer\" data-id=\"da82f1d\" data-element_type=\"widget\" data-e-type=\"widget\" data-widget_type=\"spacer.default\">\n\t\t\t\t<div class=\"elementor-widget-container\">\n\t\t\t\t\t\t\t<div class=\"elementor-spacer\">\n\t\t\t<div class=\"elementor-spacer-inner\"><\/div>\n\t\t<\/div>\n\t\t\t\t\t\t<\/div>\n\t\t\t\t<\/div>\n\t\t\t\t<div data-animation-type=\"block\" class=\"elementor-element elementor-element-8de9388 animation_type_block sc_fly_static elementor-invisible elementor-widget elementor-widget-trx_sc_title\" data-id=\"8de9388\" data-element_type=\"widget\" data-e-type=\"widget\" data-settings=\"{&quot;_animation&quot;:&quot;fabrica-fadeinright&quot;,&quot;_animation_delay&quot;:100}\" data-widget_type=\"trx_sc_title.default\">\n\t\t\t\t<div class=\"elementor-widget-container\">\n\t\t\t\t\t<div\t\tclass=\"sc_title sc_title_default\" ><h1 class=\"sc_item_title sc_title_title sc_item_title_style_default sc_item_title_tag\"\n\t\t\t><span class=\"sc_item_title_text\">Privacy Policy<\/span><\/h1><\/div>\t\t\t\t<\/div>\n\t\t\t\t<\/div>\n\t\t\t\t<div class=\"elementor-element elementor-element-179e000 sc_fly_static elementor-widget elementor-widget-spacer\" data-id=\"179e000\" data-element_type=\"widget\" data-e-type=\"widget\" data-widget_type=\"spacer.default\">\n\t\t\t\t<div class=\"elementor-widget-container\">\n\t\t\t\t\t\t\t<div class=\"elementor-spacer\">\n\t\t\t<div class=\"elementor-spacer-inner\"><\/div>\n\t\t<\/div>\n\t\t\t\t\t\t<\/div>\n\t\t\t\t<\/div>\n\t\t\t\t<div data-animation-type=\"block\" class=\"elementor-element elementor-element-4d48dfa animation_type_block sc_fly_static elementor-invisible elementor-widget elementor-widget-text-editor\" data-id=\"4d48dfa\" data-element_type=\"widget\" data-e-type=\"widget\" data-settings=\"{&quot;_animation&quot;:&quot;fabrica-fadeinright&quot;,&quot;_animation_delay&quot;:200}\" data-widget_type=\"text-editor.default\">\n\t\t\t\t<div class=\"elementor-widget-container\">\n\t\t\t\t\t\t\t\t\t<h5><span class=\"TextRun SCXW109560965 BCX0\" lang=\"IT-IT\" xml:lang=\"IT-IT\" data-contrast=\"none\"><span class=\"NormalTextRun SCXW109560965 BCX0\" data-ccp-parastyle=\"heading 2\">Informativa Privacy Policy del sito web movin.it<\/span><\/span><\/h5>\t\t\t\t\t\t\t\t<\/div>\n\t\t\t\t<\/div>\n\t\t\t\t\t<\/div>\n\t\t<\/div>\n\t\t\t\t\t<\/div>\n\t\t<\/section>\n\t\t\t\t<div class=\"elementor-element elementor-element-5abbdee sc_layouts_hide_on_tablet sc_fly_static elementor-widget elementor-widget-spacer\" data-id=\"5abbdee\" data-element_type=\"widget\" data-e-type=\"widget\" data-widget_type=\"spacer.default\">\n\t\t\t\t<div class=\"elementor-widget-container\">\n\t\t\t\t\t\t\t<div class=\"elementor-spacer\">\n\t\t\t<div class=\"elementor-spacer-inner\"><\/div>\n\t\t<\/div>\n\t\t\t\t\t\t<\/div>\n\t\t\t\t<\/div>\n\t\t\t\t\t<\/div>\n\t\t<\/div>\n\t\t\t\t\t<\/div>\n\t\t<\/section>\n\t\t\t\t<section class=\"elementor-section elementor-top-section elementor-element elementor-element-2643a853 elementor-section-boxed elementor-section-height-default elementor-section-height-default sc_fly_static\" data-id=\"2643a853\" data-element_type=\"section\" data-e-type=\"section\">\n\t\t\t\t\t\t\t<div class=\"elementor-background-overlay\"><\/div>\n\t\t\t\t\t\t\t<div class=\"elementor-container elementor-column-gap-extended\">\n\t\t\t\t\t<div class=\"elementor-column elementor-col-100 elementor-top-column elementor-element elementor-element-192280bc sc_content_align_inherit sc_layouts_column_icons_position_left sc_fly_static\" data-id=\"192280bc\" data-element_type=\"column\" data-e-type=\"column\">\n\t\t\t<div class=\"elementor-widget-wrap elementor-element-populated\">\n\t\t\t\t\t\t<div class=\"elementor-element elementor-element-6e34bac5 sc_height_huge sc_fly_static elementor-widget elementor-widget-spacer\" data-id=\"6e34bac5\" data-element_type=\"widget\" data-e-type=\"widget\" data-widget_type=\"spacer.default\">\n\t\t\t\t<div class=\"elementor-widget-container\">\n\t\t\t\t\t\t\t<div class=\"elementor-spacer\">\n\t\t\t<div class=\"elementor-spacer-inner\"><\/div>\n\t\t<\/div>\n\t\t\t\t\t\t<\/div>\n\t\t\t\t<\/div>\n\t\t\t\t<div class=\"elementor-element elementor-element-f042e9e sc_height_tiny sc_layouts_hide_on_notebook sc_layouts_hide_on_tablet sc_layouts_hide_on_mobile sc_fly_static elementor-widget elementor-widget-spacer\" data-id=\"f042e9e\" data-element_type=\"widget\" data-e-type=\"widget\" data-widget_type=\"spacer.default\">\n\t\t\t\t<div class=\"elementor-widget-container\">\n\t\t\t\t\t\t\t<div class=\"elementor-spacer\">\n\t\t\t<div class=\"elementor-spacer-inner\"><\/div>\n\t\t<\/div>\n\t\t\t\t\t\t<\/div>\n\t\t\t\t<\/div>\n\t\t\t\t<section class=\"elementor-section elementor-inner-section elementor-element elementor-element-7ab59bee elementor-section-boxed elementor-section-height-default elementor-section-height-default sc_fly_static\" data-id=\"7ab59bee\" data-element_type=\"section\" data-e-type=\"section\">\n\t\t\t\t\t\t<div class=\"elementor-container elementor-column-gap-no\">\n\t\t\t\t\t<div class=\"elementor-column elementor-col-100 elementor-inner-column elementor-element elementor-element-7e9935df sc_content_align_inherit sc_layouts_column_icons_position_left sc_fly_static\" data-id=\"7e9935df\" data-element_type=\"column\" data-e-type=\"column\">\n\t\t\t<div class=\"elementor-widget-wrap elementor-element-populated\">\n\t\t\t\t\t\t<div class=\"elementor-element elementor-element-c952ee2 sc_fly_static elementor-widget elementor-widget-text-editor\" data-id=\"c952ee2\" data-element_type=\"widget\" data-e-type=\"widget\" data-widget_type=\"text-editor.default\">\n\t\t\t\t<div class=\"elementor-widget-container\">\n\t\t\t\t\t\t\t\t\t<p>PERCH\u00c9 QUESTO AVVISO<\/p><p>In questa pagina si descrivono le modalit\u00e0 di gestione del sito in riferimento al trattamento dei dati personali degli utenti che lo consultano e\/o che interagiscono con esso.<\/p><p>L\u2019informativa \u00e8 resa ai sensi dell\u2019art. 13 del Regolamento UE 2016\/679 solo per il sito www.movin.it (\u201cSito\u201d) e non anche per altri siti web eventualmente consultati dall\u2019utente tramite link presenti nel Sito.<\/p><p>IL TITOLARE DEL TRATTAMENTO<\/p><p>Il Titolare del trattamento \u00e8 Movin S.r.l. in persona del legale rappresentante pro tempore, con sede legale in Via Maniago n. 43\/a, 33080 San Quirino (PN), tel.: 0434\/91550, fax: 0434\/917782, e-mail: movin@movin.it, p.e.c.: movinspa@cgn.legalmail.it, C.F.\/P. I.V.A.: 01268300934.<\/p><p>TIPI DI DATI TRATTATI<\/p><p>Informazioni raccolte automaticamente<\/p><p>I sistemi informatici e le procedure software preposte al funzionamento di questo sito web acquisiscono, nel corso del loro normale esercizio, alcuni dati personali la cui trasmissione \u00e8 implicita nell\u2019uso dei protocolli di comunicazione di Internet.<\/p><p>Si tratta di informazioni che non sono raccolte per essere associate a interessati identificati, ma che per loro stessa natura potrebbero, attraverso elaborazioni ed associazioni con dati detenuti da terzi, permettere di identificare gli utenti, i computer utilizzati dagli utenti che si connettono al sito, gli indirizzi in notazione URI (Uniform Resource Identifier) delle risorse richieste, l\u2019orario della richiesta, il metodo utilizzato nel sottoporre la richiesta al server, la dimensione del file ottenuto in risposta, il codice numerico indicante lo stato della risposta data dal server (buon fine, errore, ecc.) ed altri parametri relativi al sistema operativo e all\u2019ambiente informatico dell\u2019utente.<\/p><p>CONFERIMENTO DEI DATI<\/p><p>Dati forniti volontariamente dall\u2019utente<\/p><p>L\u2019invio facoltativo, esplicito e volontario di posta elettronica agli indirizzi indicati su questo sito comporta la successiva acquisizione dell\u2019indirizzo del mittente, necessario per rispondere alle richieste, nonch\u00e9 degli eventuali altri dati personali inseriti nella missiva.<\/p><p>A parte quanto specificato per le informazioni raccolte automaticamente, l\u2019utente \u00e8 libero di fornire i dati personali indicati nei contatti con Movin S.r.l. per sollecitare l\u2019invio di materiale informativo o di altre comunicazioni. Il loro mancato conferimento pu\u00f2 comportare l\u2019impossibilit\u00e0 di ottenere quanto richiesto.<\/p><p>Per la raccolta diretta di tali dati, sar\u00e0 il visitatore a rilasciare i propri dati personali.<\/p><p>LUOGO DI TRATTAMENTO DEI DATI<\/p><p>I trattamenti connessi ai servizi web di questo sito hanno luogo presso la sede di MOVIN e sono curati sia dal personale tecnico interno sia dai consulenti individuati e nominati, se del caso, responsabili del trattamento.<\/p><p>Per quanto riguarda il trattamento di dati personali connesso all\u2019utilizzo di cookie di terze parti che l\u2019utente ha autorizzato attraverso il banner inziale, il luogo del trattamento \u00e8 anche quello della societ\u00e0 proprietaria dei cookies.<\/p><p>Qualora il trattamento dovesse riguardare anche dati personali rientranti nel novero dei dati \u201csensibili\u201d (dati particolari ex art. 9 GDPR, vale a dire dati idonei a rivelare l\u2019origine razziale ed etnica, le convinzioni religiose, filosofiche o di altro genere, le opinioni politiche, l\u2019adesione a partiti, sindacati, associazioni od organizzazioni a carattere religioso, filosofico, politico o sindacale, nonch\u00e9 i dati personali idonei a rivelare lo stato di salute, la vita e l\u2019orientamento sessuale) il trattamento sar\u00e0 effettuato sulla base del consenso dell\u2019interessato quando necessario e nei limiti indicati dai provvedimenti di legge vigenti e applicabili, secondo le modalit\u00e0 previste dal GDPR e solo se strettamente indispensabile per il regolare svolgimento delle operazioni relative all\u2019erogazione di prodotti\/servizi richiesti dall\u2019utente e all\u2019adempimento dei relativi obblighi contrattuali e\/o di legge e regolamento. Si invita l\u2019utenza ad evitare l\u2019inserimento di dati sensibili superflui o comunque non richiesti poich\u00e9 ci\u00f2 potrebbe comportare la distruzione del messaggio e la mancata evasione di quanto ivi riportato.<\/p><p>FINALIT\u00c1 E BASE GIURIDICA DEL TRATTAMENTO<\/p><p>Il trattamento dei dati sar\u00e0 effettuato nel rispetto delle norme in vigore e dei principi di correttezza, liceit\u00e0, trasparenza; pertinenza, completezza e non eccedenza delle informazioni; inoltre i suddetti dati saranno raccolti e registrati solamente per le finalit\u00e0 di seguito indicate.<\/p><p>Salvo diverse modalit\u00e0 esercitabili attraverso altre pagine del sito e per le quali valgono specifiche informative, i dati raccolti tramite il sito web vengono trattati per le seguenti finalit\u00e0:<\/p><p>Finalit\u00e0 Base giuridica Periodo di conservazione<br \/>Dar corso alla prestazione dei servizi richiesti dagli utenti quali richieste di informazioni su prodotti, servizi, ecc. Adempimento di obblighi contrattuali e\/o precontrattuali. Fino al raggiungimento dello scopo.<br \/>Garantire la sicurezza e la funzionalit\u00e0 del Sito. Interesse legittimo del Titolare. Durata limitata alle attivit\u00e0 di controllo, salvo necessit\u00e0 di tutela dei diritti del Titolare.<br \/>Analisi statistica su base anonima degli accessi al Sito per migliorare il servizio. Interesse legittimo del Titolare. Non c\u2019\u00e8 conservazione.<br \/>Fornire servizi di assistenza alla clientela ed attivit\u00e0 connesse. Adempimento contrattuale e legale. Fino a dieci anni.<br \/>Gestire le candidature ad una posizione lavorativa inviata tramite il Sito. Adempimento contrattuale e precontrattuale. Fino a due anni, salvo revoca del consenso anteriore.<br \/>Iscrizione al servizio di newsletter per inviare tramite posta elettronica informazioni e aggiornamenti su nuovi prodotti e servizi di Movin S.r.l. pubblicati anche sul sito. Consenso dell\u2019interessato. Fino a revoca del consenso oppure fino alla cessazione del servizio da parte del Titolare.<\/p><p>CATEGORIE DI DESTINATARI<\/p><p>I soggetti o le categorie di soggetti che, per il perseguimento delle finalit\u00e0 illustrate, potrebbero venire a conoscenza dei dati o a cui potranno essere comunicati sono i seguenti:<\/p><p>a) Incaricati Interni.<br \/>b) Incaricati Esterni: Consulenti, Liberi Professionisti, Collaboratori e Tecnici Esterni.<br \/>I dati potranno altres\u00ec essere comunicati a Enti Pubblici, Forze di Polizia o altre Autorit\u00e0 amministrative esclusivamente al fine di adempiere ad obblighi di legge, regolamento o normativa comunitaria.<\/p><p>DIRITTI DEGLI INTERESSATI<\/p><p>Gli interessati (le persone fisiche cui si riferiscono i dati personali) hanno il diritto di esercitare i loro diritti nei confronti del Titolare del trattamento, ai sensi degli artt. 15 e seguenti del Regolamento, in particolare per ottenere la conferma dal titolare dell\u2019esistenza o meno di un trattamento di dati che li riguardano, chiedere l\u2019accesso ai dati, l\u2019aggiornamento, la rettificazione, la cancellazione o per chiedere la limitazione del trattamento dei dati personali o per manifestare l\u2019opposizione al trattamento, per chiederne la portabilit\u00e0. Detti articoli prevedono inoltre il diritto dell\u2019interessato di proporre reclamo ad un\u2019Autorit\u00e0 di controllo europea o di proporre ricorso giurisdizionale ai sensi dell\u2019art. 77 GDPR.<\/p><p>MODALIT\u00c1 PER L\u2019ESERCIZIO DEI DIRITTI<\/p><p>E\u2019 possibile scrivere al Titolare ai contatti sopra indicati.<\/p><p>Al termine del periodo di conservazione i dati personali saranno distrutti o cancellati. Pertanto, allo spirare di tale termine il diritto di accesso, cancellazione, rettificazione ed il diritto alla portabilit\u00e0 dei dati non potranno pi\u00f9 essere esercitati.<\/p><p>Ultimo aggiornamento: 15 novembre 2023<\/p>\t\t\t\t\t\t\t\t<\/div>\n\t\t\t\t<\/div>\n\t\t\t\t\t<\/div>\n\t\t<\/div>\n\t\t\t\t\t<\/div>\n\t\t<\/section>\n\t\t\t\t<div class=\"elementor-element elementor-element-650bb879 sc_height_huge sc_fly_static elementor-widget elementor-widget-spacer\" data-id=\"650bb879\" data-element_type=\"widget\" data-e-type=\"widget\" data-widget_type=\"spacer.default\">\n\t\t\t\t<div class=\"elementor-widget-container\">\n\t\t\t\t\t\t\t<div class=\"elementor-spacer\">\n\t\t\t<div class=\"elementor-spacer-inner\"><\/div>\n\t\t<\/div>\n\t\t\t\t\t\t<\/div>\n\t\t\t\t<\/div>\n\t\t\t\t<div class=\"elementor-element elementor-element-f21d6d7 sc_height_tiny sc_layouts_hide_on_notebook sc_layouts_hide_on_tablet sc_layouts_hide_on_mobile sc_fly_static elementor-widget elementor-widget-spacer\" data-id=\"f21d6d7\" data-element_type=\"widget\" data-e-type=\"widget\" data-widget_type=\"spacer.default\">\n\t\t\t\t<div class=\"elementor-widget-container\">\n\t\t\t\t\t\t\t<div class=\"elementor-spacer\">\n\t\t\t<div class=\"elementor-spacer-inner\"><\/div>\n\t\t<\/div>\n\t\t\t\t\t\t<\/div>\n\t\t\t\t<\/div>\n\t\t\t\t\t<\/div>\n\t\t<\/div>\n\t\t\t\t\t<\/div>\n\t\t<\/section>\n\t\t\t\t<\/div>\n\t\t","protected":false},"excerpt":{"rendered":"<p>Privacy Policy Informativa Privacy Policy del sito web movin.it PERCH\u00c9 QUESTO AVVISO In questa pagina si descrivono le modalit\u00e0 di gestione del sito in riferimento al trattamento dei dati personali&hellip;<\/p>\n","protected":false},"author":1,"featured_media":0,"parent":0,"menu_order":0,"comment_status":"closed","ping_status":"closed","template":"","meta":{"inline_featured_image":false,"footnotes":""},"class_list":["post-10334","page","type-page","status-publish","hentry"],"_links":{"self":[{"href":"https:\/\/movin.it\/en\/wp-json\/wp\/v2\/pages\/10334","targetHints":{"allow":["GET"]}}],"collection":[{"href":"https:\/\/movin.it\/en\/wp-json\/wp\/v2\/pages"}],"about":[{"href":"https:\/\/movin.it\/en\/wp-json\/wp\/v2\/types\/page"}],"author":[{"embeddable":true,"href":"https:\/\/movin.it\/en\/wp-json\/wp\/v2\/users\/1"}],"replies":[{"embeddable":true,"href":"https:\/\/movin.it\/en\/wp-json\/wp\/v2\/comments?post=10334"}],"version-history":[{"count":0,"href":"https:\/\/movin.it\/en\/wp-json\/wp\/v2\/pages\/10334\/revisions"}],"wp:attachment":[{"href":"https:\/\/movin.it\/en\/wp-json\/wp\/v2\/media?parent=10334"}],"curies":[{"name":"wp","href":"https:\/\/api.w.org\/{rel}","templated":true}]}}